{"id":183,"date":"2025-09-25T09:34:27","date_gmt":"2025-09-25T07:34:27","guid":{"rendered":"https:\/\/www.bvch.eu\/?page_id=183"},"modified":"2025-09-25T11:32:42","modified_gmt":"2025-09-25T09:32:42","slug":"realizovana-pomoc","status":"publish","type":"page","link":"https:\/\/www.bvch.eu\/?page_id=183","title":{"rendered":"Realizovan\u00e1 pomoc"},"content":{"rendered":"\t\t<div data-elementor-type=\"wp-page\" data-elementor-id=\"183\" class=\"elementor elementor-183\">\n\t\t\t\t\t\t<section class=\"elementor-section elementor-top-section elementor-element elementor-element-97c429e elementor-section-boxed elementor-section-height-default elementor-section-height-default wpr-particle-no wpr-jarallax-no wpr-parallax-no wpr-sticky-section-no\" data-id=\"97c429e\" data-element_type=\"section\" data-settings=\"{&quot;background_background&quot;:&quot;classic&quot;}\">\n\t\t\t\t\t\t<div class=\"elementor-container elementor-column-gap-no\">\n\t\t\t\t\t<div class=\"elementor-column elementor-col-100 elementor-top-column elementor-element elementor-element-59dbbaa\" data-id=\"59dbbaa\" data-element_type=\"column\">\n\t\t\t<div class=\"elementor-widget-wrap elementor-element-populated\">\n\t\t\t\t\t\t<div class=\"elementor-element elementor-element-a6dd2ed elementor-widget elementor-widget-heading\" data-id=\"a6dd2ed\" data-element_type=\"widget\" data-widget_type=\"heading.default\">\n\t\t\t\t\t<h1 class=\"elementor-heading-title elementor-size-default\"> Realizovan\u00e9 formy pomoci<\/h1>\t\t\t\t<\/div>\n\t\t\t\t\t<\/div>\n\t\t<\/div>\n\t\t\t\t\t<\/div>\n\t\t<\/section>\n\t\t\t\t<section class=\"elementor-section elementor-top-section elementor-element elementor-element-6f49eb3 elementor-section-boxed elementor-section-height-default elementor-section-height-default wpr-particle-no wpr-jarallax-no wpr-parallax-no wpr-sticky-section-no\" data-id=\"6f49eb3\" data-element_type=\"section\" data-settings=\"{&quot;background_background&quot;:&quot;classic&quot;}\">\n\t\t\t\t\t\t<div class=\"elementor-container elementor-column-gap-no\">\n\t\t\t\t\t<div class=\"elementor-column elementor-col-100 elementor-top-column elementor-element elementor-element-d72fd98\" data-id=\"d72fd98\" data-element_type=\"column\">\n\t\t\t<div class=\"elementor-widget-wrap elementor-element-populated\">\n\t\t\t\t\t\t<section class=\"elementor-section elementor-inner-section elementor-element elementor-element-f6dd491 elementor-section-boxed elementor-section-height-default elementor-section-height-default wpr-particle-no wpr-jarallax-no wpr-parallax-no wpr-sticky-section-no\" data-id=\"f6dd491\" data-element_type=\"section\">\n\t\t\t\t\t\t<div class=\"elementor-container elementor-column-gap-no\">\n\t\t\t\t\t<div class=\"elementor-column elementor-col-33 elementor-inner-column elementor-element elementor-element-97b3920\" data-id=\"97b3920\" data-element_type=\"column\">\n\t\t\t<div class=\"elementor-widget-wrap elementor-element-populated\">\n\t\t\t\t\t\t<div class=\"elementor-element elementor-element-0ff05e6 eael-infobox-content-align--left elementor-invisible elementor-widget elementor-widget-eael-info-box\" data-id=\"0ff05e6\" data-element_type=\"widget\" data-settings=\"{&quot;_animation&quot;:&quot;fadeInLeft&quot;}\" data-widget_type=\"eael-info-box.default\">\n\t\t\t\t\t        <div class=\"eael-infobox icon-on-top\">\n\t            <div class=\"infobox-content\">\n        <div><p>Mont\u00e1\u017e protipo\u017eiarnych dver\u00ed v k\u0148azskom dome<\/p><\/div>        <\/div>\n            <\/div>\n\n\t\t\t\t\t\t<\/div>\n\t\t\t\t<div class=\"elementor-element elementor-element-f25772d eael-infobox-content-align--left elementor-invisible elementor-widget elementor-widget-eael-info-box\" data-id=\"f25772d\" data-element_type=\"widget\" data-settings=\"{&quot;_animation&quot;:&quot;fadeInLeft&quot;}\" data-widget_type=\"eael-info-box.default\">\n\t\t\t\t\t        <div class=\"eael-infobox icon-on-top\">\n\t            <div class=\"infobox-content\">\n        <div><p>Bezbari\u00e9rov\u00e1 pohybliv\u00e1 plo\u0161ina v k\u0148azskom dome<\/p><\/div>        <\/div>\n            <\/div>\n\n\t\t\t\t\t\t<\/div>\n\t\t\t\t<div class=\"elementor-element elementor-element-2e13dea eael-infobox-content-align--left elementor-invisible elementor-widget elementor-widget-eael-info-box\" data-id=\"2e13dea\" data-element_type=\"widget\" data-settings=\"{&quot;_animation&quot;:&quot;fadeInLeft&quot;}\" data-widget_type=\"eael-info-box.default\">\n\t\t\t\t\t        <div class=\"eael-infobox icon-on-top\">\n\t            <div class=\"infobox-content\">\n        <div><p>V\u00fdmena oce\u013eov\u00fdch l\u00e1n na v\u00fd\u0165ahu v k\u0148azskom dome<\/p><\/div>        <\/div>\n            <\/div>\n\n\t\t\t\t\t\t<\/div>\n\t\t\t\t<div class=\"elementor-element elementor-element-65ed3b6 eael-infobox-content-align--left elementor-invisible elementor-widget elementor-widget-eael-info-box\" data-id=\"65ed3b6\" data-element_type=\"widget\" data-settings=\"{&quot;_animation&quot;:&quot;fadeInLeft&quot;}\" data-widget_type=\"eael-info-box.default\">\n\t\t\t\t\t        <div class=\"eael-infobox icon-on-top\">\n\t            <div class=\"infobox-content\">\n        <div><p>Oprava strechy na budove pr\u00e1\u010dovne pri k\u0148azskom dome<\/p><\/div>        <\/div>\n            <\/div>\n\n\t\t\t\t\t\t<\/div>\n\t\t\t\t\t<\/div>\n\t\t<\/div>\n\t\t\t\t<div class=\"elementor-column elementor-col-33 elementor-inner-column elementor-element elementor-element-7a34d75\" data-id=\"7a34d75\" data-element_type=\"column\">\n\t\t\t<div class=\"elementor-widget-wrap elementor-element-populated\">\n\t\t\t\t\t\t<div class=\"elementor-element elementor-element-b464647 eael-infobox-content-align--left elementor-invisible elementor-widget elementor-widget-eael-info-box\" data-id=\"b464647\" data-element_type=\"widget\" data-settings=\"{&quot;_animation&quot;:&quot;fadeInLeft&quot;}\" data-widget_type=\"eael-info-box.default\">\n\t\t\t\t\t        <div class=\"eael-infobox icon-on-top\">\n\t            <div class=\"infobox-content\">\n        <div><p>Konvektomat v kuchyni v k\u0148azskom dome<\/p><\/div>        <\/div>\n            <\/div>\n\n\t\t\t\t\t\t<\/div>\n\t\t\t\t<div class=\"elementor-element elementor-element-2cfc45a eael-infobox-content-align--left elementor-invisible elementor-widget elementor-widget-eael-info-box\" data-id=\"2cfc45a\" data-element_type=\"widget\" data-settings=\"{&quot;_animation&quot;:&quot;fadeInLeft&quot;}\" data-widget_type=\"eael-info-box.default\">\n\t\t\t\t\t        <div class=\"eael-infobox icon-on-top\">\n\t            <div class=\"infobox-content\">\n        <div><p>Nov\u00e9 pr\u00e1\u010dky a su\u0161i\u010dky v pr\u00e1\u010dovni k\u0148azsk\u00e9ho domu<\/p><\/div>        <\/div>\n            <\/div>\n\n\t\t\t\t\t\t<\/div>\n\t\t\t\t<div class=\"elementor-element elementor-element-3ef829a eael-infobox-content-align--left elementor-invisible elementor-widget elementor-widget-eael-info-box\" data-id=\"3ef829a\" data-element_type=\"widget\" data-settings=\"{&quot;_animation&quot;:&quot;fadeInLeft&quot;}\" data-widget_type=\"eael-info-box.default\">\n\t\t\t\t\t        <div class=\"eael-infobox icon-on-top\">\n\t            <div class=\"infobox-content\">\n        <div><p>Sprchovacie l\u00f4\u017eko pre le\u017eiacich klientov v k\u0148azskom dome<\/p><\/div>        <\/div>\n            <\/div>\n\n\t\t\t\t\t\t<\/div>\n\t\t\t\t<div class=\"elementor-element elementor-element-b5bf5ff eael-infobox-content-align--left elementor-invisible elementor-widget elementor-widget-eael-info-box\" data-id=\"b5bf5ff\" data-element_type=\"widget\" data-settings=\"{&quot;_animation&quot;:&quot;fadeInLeft&quot;}\" data-widget_type=\"eael-info-box.default\">\n\t\t\t\t\t        <div class=\"eael-infobox icon-on-top\">\n\t            <div class=\"infobox-content\">\n        <div><p>\u010c\u00edta\u010dka textov pre k\u0148aza s postihnut\u00fdm zrakom<\/p><\/div>        <\/div>\n            <\/div>\n\n\t\t\t\t\t\t<\/div>\n\t\t\t\t\t<\/div>\n\t\t<\/div>\n\t\t\t\t<div class=\"elementor-column elementor-col-33 elementor-inner-column elementor-element elementor-element-87fa874\" data-id=\"87fa874\" data-element_type=\"column\">\n\t\t\t<div class=\"elementor-widget-wrap elementor-element-populated\">\n\t\t\t\t\t\t<div class=\"elementor-element elementor-element-b6ca374 eael-infobox-content-align--left elementor-invisible elementor-widget elementor-widget-eael-info-box\" data-id=\"b6ca374\" data-element_type=\"widget\" data-settings=\"{&quot;_animation&quot;:&quot;fadeInLeft&quot;}\" data-widget_type=\"eael-info-box.default\">\n\t\t\t\t\t        <div class=\"eael-infobox icon-on-top\">\n\t            <div class=\"infobox-content\">\n        <div><p>\u00dahrada poplatkov za kysl\u00edkov\u00fa n\u00e1pl\u0148 pre k\u0148aza po\u010das pand\u00e9mie covid-19<\/p><\/div>        <\/div>\n            <\/div>\n\n\t\t\t\t\t\t<\/div>\n\t\t\t\t<div class=\"elementor-element elementor-element-4a4487c eael-infobox-content-align--left elementor-invisible elementor-widget elementor-widget-eael-info-box\" data-id=\"4a4487c\" data-element_type=\"widget\" data-settings=\"{&quot;_animation&quot;:&quot;fadeInLeft&quot;}\" data-widget_type=\"eael-info-box.default\">\n\t\t\t\t\t        <div class=\"eael-infobox icon-on-top\">\n\t            <div class=\"infobox-content\">\n        <div><p>Finan\u010dn\u00e1 pomoc k\u0148azovi na \u00fahradu \u0161k\u00f4d sp\u00f4soben\u00fdch po\u017eiarom<\/p><\/div>        <\/div>\n            <\/div>\n\n\t\t\t\t\t\t<\/div>\n\t\t\t\t\t<\/div>\n\t\t<\/div>\n\t\t\t\t\t<\/div>\n\t\t<\/section>\n\t\t\t\t\t<\/div>\n\t\t<\/div>\n\t\t\t\t\t<\/div>\n\t\t<\/section>\n\t\t\t\t<section class=\"elementor-section elementor-top-section elementor-element elementor-element-5a3e744 elementor-section-content-bottom elementor-section-boxed elementor-section-height-default elementor-section-height-default wpr-particle-no wpr-jarallax-no wpr-parallax-no wpr-sticky-section-no\" data-id=\"5a3e744\" data-element_type=\"section\" data-settings=\"{&quot;background_background&quot;:&quot;classic&quot;}\">\n\t\t\t\t\t\t<div class=\"elementor-container elementor-column-gap-no\">\n\t\t\t\t\t<div class=\"elementor-column elementor-col-50 elementor-top-column elementor-element elementor-element-56ae2d4 elementor-invisible\" data-id=\"56ae2d4\" data-element_type=\"column\" data-settings=\"{&quot;animation&quot;:&quot;fadeInLeft&quot;}\">\n\t\t\t<div class=\"elementor-widget-wrap elementor-element-populated\">\n\t\t\t\t\t\t<div class=\"elementor-element elementor-element-7b8e137 elementor-widget elementor-widget-heading\" data-id=\"7b8e137\" data-element_type=\"widget\" data-widget_type=\"heading.default\">\n\t\t\t\t\t<h2 class=\"elementor-heading-title elementor-size-default\">Pom\u00e1hame T\u00fdm, Ktor\u00ed N\u00e1m Sl\u00fa\u017eili...<\/h2>\t\t\t\t<\/div>\n\t\t\t\t<div class=\"elementor-element elementor-element-bf11898 elementor-widget elementor-widget-text-editor\" data-id=\"bf11898\" data-element_type=\"widget\" data-widget_type=\"text-editor.default\">\n\t\t\t\t\t\t\t\t\t<p>Spi\u0161sk\u00e9 zdru\u017eenie k\u0148azov Unitas \u2013 dvadsa\u0165p\u00e4\u0165 rokov slu\u017eby t\u00fdm, ktor\u00ed zasv\u00e4tili \u017eivot duchovnej slu\u017ebe<\/p>\t\t\t\t\t\t\t\t<\/div>\n\t\t\t\t<div class=\"elementor-element elementor-element-58d6e59 elementor-widget elementor-widget-button\" data-id=\"58d6e59\" data-element_type=\"widget\" data-widget_type=\"button.default\">\n\t\t\t\t\t\t\t\t\t\t<a class=\"elementor-button elementor-button-link elementor-size-sm\" href=\"\/ako-podporit\/\">\n\t\t\t\t\t\t<span class=\"elementor-button-content-wrapper\">\n\t\t\t\t\t\t\t\t\t<span class=\"elementor-button-text\">Chcem pom\u00f4c\u0165<\/span>\n\t\t\t\t\t<\/span>\n\t\t\t\t\t<\/a>\n\t\t\t\t\t\t\t\t<\/div>\n\t\t\t\t\t<\/div>\n\t\t<\/div>\n\t\t\t\t<div class=\"elementor-column elementor-col-50 elementor-top-column elementor-element elementor-element-752bc52\" data-id=\"752bc52\" data-element_type=\"column\">\n\t\t\t<div class=\"elementor-widget-wrap elementor-element-populated\">\n\t\t\t\t\t\t<div class=\"elementor-element elementor-element-fc9467a elementor-invisible elementor-widget elementor-widget-image\" data-id=\"fc9467a\" data-element_type=\"widget\" data-settings=\"{&quot;_animation&quot;:&quot;fadeInRight&quot;}\" data-widget_type=\"image.default\">\n\t\t\t\t\t\t\t\t\t\t\t\t\t\t\t<img fetchpriority=\"high\" decoding=\"async\" width=\"692\" height=\"679\" src=\"https:\/\/www.bvch.eu\/wp-content\/uploads\/2024\/03\/ea172308-service-image.png\" class=\"attachment-full size-full wp-image-28\" alt=\"\" srcset=\"https:\/\/www.bvch.eu\/wp-content\/uploads\/2024\/03\/ea172308-service-image.png 692w, https:\/\/www.bvch.eu\/wp-content\/uploads\/2024\/03\/ea172308-service-image-300x294.png 300w\" sizes=\"(max-width: 692px) 100vw, 692px\" \/>\t\t\t\t\t\t\t\t\t\t\t\t\t\t\t<\/div>\n\t\t\t\t\t<\/div>\n\t\t<\/div>\n\t\t\t\t\t<\/div>\n\t\t<\/section>\n\t\t\t\t<\/div>\n\t\t","protected":false},"excerpt":{"rendered":"<p>Realizovan\u00e9 formy pomoci Mont\u00e1\u017e protipo\u017eiarnych dver\u00ed v k\u0148azskom dome Bezbari\u00e9rov\u00e1 pohybliv\u00e1 plo\u0161ina v k\u0148azskom dome V\u00fdmena oce\u013eov\u00fdch l\u00e1n na v\u00fd\u0165ahu v k\u0148azskom dome Oprava strechy na budove pr\u00e1\u010dovne pri k\u0148azskom dome Konvektomat v kuchyni v k\u0148azskom dome Nov\u00e9 pr\u00e1\u010dky a su\u0161i\u010dky v pr\u00e1\u010dovni k\u0148azsk\u00e9ho domu Sprchovacie l\u00f4\u017eko pre le\u017eiacich klientov v k\u0148azskom dome \u010c\u00edta\u010dka textov pre k\u0148aza s postihnut\u00fdm zrakom \u00dahrada poplatkov za kysl\u00edkov\u00fa n\u00e1pl\u0148 pre k\u0148aza po\u010das pand\u00e9mie covid-19 Finan\u010dn\u00e1 pomoc k\u0148azovi na \u00fahradu \u0161k\u00f4d sp\u00f4soben\u00fdch po\u017eiarom Pom\u00e1hame T\u00fdm, Ktor\u00ed N\u00e1m Sl\u00fa\u017eili&#8230; Spi\u0161sk\u00e9 zdru\u017eenie k\u0148azov Unitas \u2013 dvadsa\u0165p\u00e4\u0165 rokov slu\u017eby t\u00fdm, ktor\u00ed zasv\u00e4tili \u017eivot duchovnej slu\u017ebe Chcem pom\u00f4c\u0165<\/p>\n","protected":false},"author":1,"featured_media":0,"parent":0,"menu_order":0,"comment_status":"closed","ping_status":"closed","template":"elementor_header_footer","meta":{"_eb_attr":"","footnotes":""},"class_list":["post-183","page","type-page","status-publish","hentry"],"_links":{"self":[{"href":"https:\/\/www.bvch.eu\/index.php?rest_route=\/wp\/v2\/pages\/183","targetHints":{"allow":["GET"]}}],"collection":[{"href":"https:\/\/www.bvch.eu\/index.php?rest_route=\/wp\/v2\/pages"}],"about":[{"href":"https:\/\/www.bvch.eu\/index.php?rest_route=\/wp\/v2\/types\/page"}],"author":[{"embeddable":true,"href":"https:\/\/www.bvch.eu\/index.php?rest_route=\/wp\/v2\/users\/1"}],"replies":[{"embeddable":true,"href":"https:\/\/www.bvch.eu\/index.php?rest_route=%2Fwp%2Fv2%2Fcomments&post=183"}],"version-history":[{"count":7,"href":"https:\/\/www.bvch.eu\/index.php?rest_route=\/wp\/v2\/pages\/183\/revisions"}],"predecessor-version":[{"id":201,"href":"https:\/\/www.bvch.eu\/index.php?rest_route=\/wp\/v2\/pages\/183\/revisions\/201"}],"wp:attachment":[{"href":"https:\/\/www.bvch.eu\/index.php?rest_route=%2Fwp%2Fv2%2Fmedia&parent=183"}],"curies":[{"name":"wp","href":"https:\/\/api.w.org\/{rel}","templated":true}]}}