{"id":86,"date":"2025-09-24T21:26:14","date_gmt":"2025-09-24T19:26:14","guid":{"rendered":"https:\/\/www.bvch.eu\/?page_id=86"},"modified":"2025-09-25T11:35:25","modified_gmt":"2025-09-25T09:35:25","slug":"formy-pomoci","status":"publish","type":"page","link":"https:\/\/www.bvch.eu\/?page_id=86","title":{"rendered":"Formy pomoci"},"content":{"rendered":"\t\t<div data-elementor-type=\"wp-page\" data-elementor-id=\"86\" class=\"elementor elementor-86\">\n\t\t\t\t\t\t<section class=\"elementor-section elementor-top-section elementor-element elementor-element-97c429e elementor-section-boxed elementor-section-height-default elementor-section-height-default wpr-particle-no wpr-jarallax-no wpr-parallax-no wpr-sticky-section-no\" data-id=\"97c429e\" data-element_type=\"section\" data-settings=\"{&quot;background_background&quot;:&quot;classic&quot;}\">\n\t\t\t\t\t\t<div class=\"elementor-container elementor-column-gap-no\">\n\t\t\t\t\t<div class=\"elementor-column elementor-col-100 elementor-top-column elementor-element elementor-element-59dbbaa\" data-id=\"59dbbaa\" data-element_type=\"column\">\n\t\t\t<div class=\"elementor-widget-wrap elementor-element-populated\">\n\t\t\t\t\t\t<div class=\"elementor-element elementor-element-a6dd2ed elementor-widget elementor-widget-heading\" data-id=\"a6dd2ed\" data-element_type=\"widget\" data-widget_type=\"heading.default\">\n\t\t\t\t\t<h1 class=\"elementor-heading-title elementor-size-default\"> \tFormy pomoci k\u0148azom<\/h1>\t\t\t\t<\/div>\n\t\t\t\t\t<\/div>\n\t\t<\/div>\n\t\t\t\t\t<\/div>\n\t\t<\/section>\n\t\t\t\t<section class=\"elementor-section elementor-top-section elementor-element elementor-element-80a9306 elementor-section-boxed elementor-section-height-default elementor-section-height-default wpr-particle-no wpr-jarallax-no wpr-parallax-no wpr-sticky-section-no\" data-id=\"80a9306\" data-element_type=\"section\">\n\t\t\t\t\t\t<div class=\"elementor-container elementor-column-gap-no\">\n\t\t\t\t\t<div class=\"elementor-column elementor-col-100 elementor-top-column elementor-element elementor-element-557986a\" data-id=\"557986a\" data-element_type=\"column\">\n\t\t\t<div class=\"elementor-widget-wrap elementor-element-populated\">\n\t\t\t\t\t\t<section class=\"elementor-section elementor-inner-section elementor-element elementor-element-4f26150 elementor-section-boxed elementor-section-height-default elementor-section-height-default wpr-particle-no wpr-jarallax-no wpr-parallax-no wpr-sticky-section-no\" data-id=\"4f26150\" data-element_type=\"section\">\n\t\t\t\t\t\t<div class=\"elementor-container elementor-column-gap-no\">\n\t\t\t\t\t<div class=\"elementor-column elementor-col-100 elementor-inner-column elementor-element elementor-element-4ad30d3\" data-id=\"4ad30d3\" data-element_type=\"column\">\n\t\t\t<div class=\"elementor-widget-wrap elementor-element-populated\">\n\t\t\t\t\t\t<div class=\"elementor-element elementor-element-4fc1f80 eael-infobox-content-align--left elementor-invisible elementor-widget elementor-widget-eael-info-box\" data-id=\"4fc1f80\" data-element_type=\"widget\" data-settings=\"{&quot;_animation&quot;:&quot;zoomIn&quot;}\" data-widget_type=\"eael-info-box.default\">\n\t\t\t\t\t        <div class=\"eael-infobox icon-on-top\">\n\t            <div class=\"infobox-content\">\n                    <div class=\"infobox-title-section\">\n                <h5 class=\"title\">Hlavn\u00e1 forma pomoci<\/h5>            <\/div>\n            <div><p style=\"font-weight: 400;\">K\u0148azom Spi\u0161sk\u00e9ho biskupstva s\u00fa pravideln\u00e9 pr\u00edspevky na prev\u00e1dzku K\u0148azsk\u00e9ho domu sv. J\u00e1na Boska v Spi\u0161skej Kapitule.<\/p><p>\u00a0<\/p><p style=\"font-weight: 400;\"><strong>V s\u00fa\u010dasnosti to predstavuje:<\/strong><\/p><\/div>        <\/div>\n            <\/div>\n\n\t\t\t\t\t\t<\/div>\n\t\t\t\t\t<\/div>\n\t\t<\/div>\n\t\t\t\t\t<\/div>\n\t\t<\/section>\n\t\t\t\t<section class=\"elementor-section elementor-inner-section elementor-element elementor-element-53369da elementor-section-boxed elementor-section-height-default elementor-section-height-default wpr-particle-no wpr-jarallax-no wpr-parallax-no wpr-sticky-section-no\" data-id=\"53369da\" data-element_type=\"section\">\n\t\t\t\t\t\t<div class=\"elementor-container elementor-column-gap-no\">\n\t\t\t\t\t<div class=\"elementor-column elementor-col-33 elementor-inner-column elementor-element elementor-element-bc32c0c\" data-id=\"bc32c0c\" data-element_type=\"column\">\n\t\t\t<div class=\"elementor-widget-wrap elementor-element-populated\">\n\t\t\t\t\t\t<div class=\"elementor-element elementor-element-e5dcb3d eael-infobox-content-align--left eael-infobox-shape-square eael-infobox-hover-img-shape-square elementor-invisible elementor-widget elementor-widget-eael-info-box\" data-id=\"e5dcb3d\" data-element_type=\"widget\" data-settings=\"{&quot;_animation&quot;:&quot;zoomIn&quot;}\" data-widget_type=\"eael-info-box.default\">\n\t\t\t\t\t        <div class=\"eael-infobox icon-on-top\">\n\t            <div class=\"infobox-icon\">\n\n                            <img decoding=\"async\" src=\"https:\/\/www.bvch.eu\/wp-content\/uploads\/2024\/03\/86142830-icon-2.png\" alt=\"\">\n            \n            \n            \n        <\/div>\n            <div class=\"infobox-content\">\n                    <div class=\"infobox-title-section\">\n                <h5 class=\"title\">\u00fadr\u017eba k\u0148azsk\u00e9ho domu<\/h5>            <\/div>\n            <div><p>Ka\u017edoro\u010dn\u00fa dot\u00e1ciu vo v\u00fd\u0161ke cca 10 tis\u00edc eur ur\u010denej na rekon\u0161trukciu bytov alebo \u00fadr\u017ebu k\u0148azsk\u00e9ho domu.<\/p><\/div>        <\/div>\n            <\/div>\n\n\t\t\t\t\t\t<\/div>\n\t\t\t\t\t<\/div>\n\t\t<\/div>\n\t\t\t\t<div class=\"elementor-column elementor-col-33 elementor-inner-column elementor-element elementor-element-3ef0d1d\" data-id=\"3ef0d1d\" data-element_type=\"column\">\n\t\t\t<div class=\"elementor-widget-wrap elementor-element-populated\">\n\t\t\t\t\t\t<div class=\"elementor-element elementor-element-c48cdd7 eael-infobox-content-align--left eael-infobox-shape-square eael-infobox-hover-img-shape-square elementor-invisible elementor-widget elementor-widget-eael-info-box\" data-id=\"c48cdd7\" data-element_type=\"widget\" data-settings=\"{&quot;_animation&quot;:&quot;zoomIn&quot;}\" data-widget_type=\"eael-info-box.default\">\n\t\t\t\t\t        <div class=\"eael-infobox icon-on-top\">\n\t            <div class=\"infobox-icon\">\n\n                            <img decoding=\"async\" src=\"https:\/\/www.bvch.eu\/wp-content\/uploads\/2024\/03\/740db345-icon-3.png\" alt=\"\">\n            \n            \n            \n        <\/div>\n            <div class=\"infobox-content\">\n                    <div class=\"infobox-title-section\">\n                <h5 class=\"title\">Pravideln\u00e9 pr\u00edspevky<\/h5>            <\/div>\n            <div><p>Pr\u00edspevky su pre ka\u017ed\u00e9ho k\u0148aza v k\u0148azskom dome vo v\u00fd\u0161ke 30.-eur mesa\u010dne.<\/p><\/div>        <\/div>\n            <\/div>\n\n\t\t\t\t\t\t<\/div>\n\t\t\t\t\t<\/div>\n\t\t<\/div>\n\t\t\t\t<div class=\"elementor-column elementor-col-33 elementor-inner-column elementor-element elementor-element-e4ec86b\" data-id=\"e4ec86b\" data-element_type=\"column\">\n\t\t\t<div class=\"elementor-widget-wrap elementor-element-populated\">\n\t\t\t\t\t\t<div class=\"elementor-element elementor-element-4c78652 eael-infobox-content-align--left eael-infobox-shape-square eael-infobox-hover-img-shape-square elementor-invisible elementor-widget elementor-widget-eael-info-box\" data-id=\"4c78652\" data-element_type=\"widget\" data-settings=\"{&quot;_animation&quot;:&quot;fadeInLeft&quot;}\" data-widget_type=\"eael-info-box.default\">\n\t\t\t\t\t        <div class=\"eael-infobox icon-on-top\">\n\t            <div class=\"infobox-icon\">\n\n                            <img decoding=\"async\" src=\"https:\/\/www.bvch.eu\/wp-content\/uploads\/2024\/03\/ca8a2c14-icon-4.png\" alt=\"\">\n            \n            \n            \n        <\/div>\n            <div class=\"infobox-content\">\n                    <div class=\"infobox-title-section\">\n                <h2 class=\"title\">Potrebn\u00e1 pomoc<\/h2>            <\/div>\n            <div><p>Jednorazov\u00e9 formy pomoci k\u0148azom odk\u00e1zan\u00fdm na pomoc zo strany Unitasu.<\/p><\/div>        <\/div>\n            <\/div>\n\n\t\t\t\t\t\t<\/div>\n\t\t\t\t\t<\/div>\n\t\t<\/div>\n\t\t\t\t\t<\/div>\n\t\t<\/section>\n\t\t\t\t<section class=\"elementor-section elementor-inner-section elementor-element elementor-element-2d20e84 elementor-section-boxed elementor-section-height-default elementor-section-height-default wpr-particle-no wpr-jarallax-no wpr-parallax-no wpr-sticky-section-no\" data-id=\"2d20e84\" data-element_type=\"section\">\n\t\t\t\t\t\t<div class=\"elementor-container elementor-column-gap-no\">\n\t\t\t\t\t<div class=\"elementor-column elementor-col-50 elementor-inner-column elementor-element elementor-element-f2c0cd3\" data-id=\"f2c0cd3\" data-element_type=\"column\">\n\t\t\t<div class=\"elementor-widget-wrap elementor-element-populated\">\n\t\t\t\t\t\t<div class=\"elementor-element elementor-element-025c193 eael-infobox-content-align--left eael-infobox-shape-square eael-infobox-hover-img-shape-square elementor-invisible elementor-widget elementor-widget-eael-info-box\" data-id=\"025c193\" data-element_type=\"widget\" data-settings=\"{&quot;_animation&quot;:&quot;fadeInLeft&quot;}\" data-widget_type=\"eael-info-box.default\">\n\t\t\t\t\t        <div class=\"eael-infobox icon-on-top\">\n\t            <div class=\"infobox-icon\">\n\n                            <img decoding=\"async\" src=\"https:\/\/www.bvch.eu\/wp-content\/uploads\/2024\/03\/924d280d-icon1.png\" alt=\"\">\n            \n            \n            \n        <\/div>\n            <div class=\"infobox-content\">\n                    <div class=\"infobox-title-section\">\n                <h2 class=\"title\">Chceli by sme k\u0148azom pom\u00e1ha\u0165 aj pri<\/h2>            <\/div>\n            <div><p>Preplaten\u00ed n\u00e1kladov za potrebn\u00fa k\u00fape\u013en\u00fa lie\u010dbu.<\/p><\/div>        <\/div>\n            <\/div>\n\n\t\t\t\t\t\t<\/div>\n\t\t\t\t\t<\/div>\n\t\t<\/div>\n\t\t\t\t<div class=\"elementor-column elementor-col-50 elementor-inner-column elementor-element elementor-element-97257b8\" data-id=\"97257b8\" data-element_type=\"column\">\n\t\t\t<div class=\"elementor-widget-wrap elementor-element-populated\">\n\t\t\t\t\t\t<div class=\"elementor-element elementor-element-f7acc71 eael-infobox-content-align--left eael-infobox-shape-square eael-infobox-hover-img-shape-square elementor-invisible elementor-widget elementor-widget-eael-info-box\" data-id=\"f7acc71\" data-element_type=\"widget\" data-settings=\"{&quot;_animation&quot;:&quot;fadeInRight&quot;}\" data-widget_type=\"eael-info-box.default\">\n\t\t\t\t\t        <div class=\"eael-infobox icon-on-top\">\n\t            <div class=\"infobox-icon\">\n\n                            <img decoding=\"async\" src=\"https:\/\/www.bvch.eu\/wp-content\/uploads\/2024\/03\/b6c631c2-icon-6.png\" alt=\"\">\n            \n            \n            \n        <\/div>\n            <div class=\"infobox-content\">\n                    <div class=\"infobox-title-section\">\n                <h2 class=\"title\">Chceli by sme k\u0148azom pom\u00e1ha\u0165 aj pri<\/h2>            <\/div>\n            <div><p>\u00dahrade za lieky, ktor\u00e9 nehrad\u00ed zdravotn\u00e1 pois\u0165ov\u0148a.<\/p><\/div>        <\/div>\n            <\/div>\n\n\t\t\t\t\t\t<\/div>\n\t\t\t\t\t<\/div>\n\t\t<\/div>\n\t\t\t\t\t<\/div>\n\t\t<\/section>\n\t\t\t\t\t<\/div>\n\t\t<\/div>\n\t\t\t\t\t<\/div>\n\t\t<\/section>\n\t\t\t\t<section class=\"elementor-section elementor-top-section elementor-element elementor-element-5a3e744 elementor-section-content-bottom elementor-section-boxed elementor-section-height-default elementor-section-height-default wpr-particle-no wpr-jarallax-no wpr-parallax-no wpr-sticky-section-no\" data-id=\"5a3e744\" data-element_type=\"section\" data-settings=\"{&quot;background_background&quot;:&quot;classic&quot;}\">\n\t\t\t\t\t\t<div class=\"elementor-container elementor-column-gap-no\">\n\t\t\t\t\t<div class=\"elementor-column elementor-col-50 elementor-top-column elementor-element elementor-element-56ae2d4 elementor-invisible\" data-id=\"56ae2d4\" data-element_type=\"column\" data-settings=\"{&quot;animation&quot;:&quot;fadeInLeft&quot;}\">\n\t\t\t<div class=\"elementor-widget-wrap elementor-element-populated\">\n\t\t\t\t\t\t<div class=\"elementor-element elementor-element-7b8e137 elementor-widget elementor-widget-heading\" data-id=\"7b8e137\" data-element_type=\"widget\" data-widget_type=\"heading.default\">\n\t\t\t\t\t<h2 class=\"elementor-heading-title elementor-size-default\">Pom\u00e1hame T\u00fdm, Ktor\u00ed N\u00e1m Sl\u00fa\u017eili...<\/h2>\t\t\t\t<\/div>\n\t\t\t\t<div class=\"elementor-element elementor-element-bf11898 elementor-widget elementor-widget-text-editor\" data-id=\"bf11898\" data-element_type=\"widget\" data-widget_type=\"text-editor.default\">\n\t\t\t\t\t\t\t\t\t<p>Spi\u0161sk\u00e9 zdru\u017eenie k\u0148azov Unitas \u2013 dvadsa\u0165p\u00e4\u0165 rokov slu\u017eby t\u00fdm, ktor\u00ed zasv\u00e4tili \u017eivot duchovnej slu\u017ebe<\/p>\t\t\t\t\t\t\t\t<\/div>\n\t\t\t\t<div class=\"elementor-element elementor-element-58d6e59 elementor-widget elementor-widget-button\" data-id=\"58d6e59\" data-element_type=\"widget\" data-widget_type=\"button.default\">\n\t\t\t\t\t\t\t\t\t\t<a class=\"elementor-button elementor-button-link elementor-size-sm\" href=\"\/ako-podporit\/\">\n\t\t\t\t\t\t<span class=\"elementor-button-content-wrapper\">\n\t\t\t\t\t\t\t\t\t<span class=\"elementor-button-text\">Chcem podpori\u0165<\/span>\n\t\t\t\t\t<\/span>\n\t\t\t\t\t<\/a>\n\t\t\t\t\t\t\t\t<\/div>\n\t\t\t\t\t<\/div>\n\t\t<\/div>\n\t\t\t\t<div class=\"elementor-column elementor-col-50 elementor-top-column elementor-element elementor-element-752bc52\" data-id=\"752bc52\" data-element_type=\"column\">\n\t\t\t<div class=\"elementor-widget-wrap elementor-element-populated\">\n\t\t\t\t\t\t<div class=\"elementor-element elementor-element-fc9467a elementor-invisible elementor-widget elementor-widget-image\" data-id=\"fc9467a\" data-element_type=\"widget\" data-settings=\"{&quot;_animation&quot;:&quot;fadeInRight&quot;}\" data-widget_type=\"image.default\">\n\t\t\t\t\t\t\t\t\t\t\t\t\t\t\t<img fetchpriority=\"high\" decoding=\"async\" width=\"692\" height=\"679\" src=\"https:\/\/www.bvch.eu\/wp-content\/uploads\/2024\/03\/ea172308-service-image.png\" class=\"attachment-full size-full wp-image-28\" alt=\"\" srcset=\"https:\/\/www.bvch.eu\/wp-content\/uploads\/2024\/03\/ea172308-service-image.png 692w, https:\/\/www.bvch.eu\/wp-content\/uploads\/2024\/03\/ea172308-service-image-300x294.png 300w\" sizes=\"(max-width: 692px) 100vw, 692px\" \/>\t\t\t\t\t\t\t\t\t\t\t\t\t\t\t<\/div>\n\t\t\t\t\t<\/div>\n\t\t<\/div>\n\t\t\t\t\t<\/div>\n\t\t<\/section>\n\t\t\t\t<\/div>\n\t\t","protected":false},"excerpt":{"rendered":"<p>Formy pomoci k\u0148azom Hlavn\u00e1 forma pomoci K\u0148azom Spi\u0161sk\u00e9ho biskupstva s\u00fa pravideln\u00e9 pr\u00edspevky na prev\u00e1dzku K\u0148azsk\u00e9ho domu sv. J\u00e1na Boska v Spi\u0161skej Kapitule. \u00a0 V s\u00fa\u010dasnosti to predstavuje: \u00fadr\u017eba k\u0148azsk\u00e9ho domu Ka\u017edoro\u010dn\u00fa dot\u00e1ciu vo v\u00fd\u0161ke cca 10 tis\u00edc eur ur\u010denej na rekon\u0161trukciu bytov alebo \u00fadr\u017ebu k\u0148azsk\u00e9ho domu. Pravideln\u00e9 pr\u00edspevky Pr\u00edspevky su pre ka\u017ed\u00e9ho k\u0148aza v k\u0148azskom dome vo v\u00fd\u0161ke 30.-eur mesa\u010dne. Potrebn\u00e1 pomoc Jednorazov\u00e9 formy pomoci k\u0148azom odk\u00e1zan\u00fdm na pomoc zo strany Unitasu. Chceli by sme k\u0148azom pom\u00e1ha\u0165 aj pri Preplaten\u00ed n\u00e1kladov za potrebn\u00fa k\u00fape\u013en\u00fa lie\u010dbu. Chceli by sme k\u0148azom pom\u00e1ha\u0165 aj pri \u00dahrade za lieky, ktor\u00e9 nehrad\u00ed zdravotn\u00e1 pois\u0165ov\u0148a. Pom\u00e1hame T\u00fdm, Ktor\u00ed N\u00e1m Sl\u00fa\u017eili&#8230; Spi\u0161sk\u00e9 zdru\u017eenie k\u0148azov Unitas \u2013 dvadsa\u0165p\u00e4\u0165 rokov slu\u017eby t\u00fdm, ktor\u00ed zasv\u00e4tili \u017eivot duchovnej slu\u017ebe Chcem podpori\u0165<\/p>\n","protected":false},"author":1,"featured_media":0,"parent":0,"menu_order":0,"comment_status":"closed","ping_status":"closed","template":"elementor_header_footer","meta":{"_eb_attr":"","footnotes":""},"class_list":["post-86","page","type-page","status-publish","hentry"],"_links":{"self":[{"href":"https:\/\/www.bvch.eu\/index.php?rest_route=\/wp\/v2\/pages\/86","targetHints":{"allow":["GET"]}}],"collection":[{"href":"https:\/\/www.bvch.eu\/index.php?rest_route=\/wp\/v2\/pages"}],"about":[{"href":"https:\/\/www.bvch.eu\/index.php?rest_route=\/wp\/v2\/types\/page"}],"author":[{"embeddable":true,"href":"https:\/\/www.bvch.eu\/index.php?rest_route=\/wp\/v2\/users\/1"}],"replies":[{"embeddable":true,"href":"https:\/\/www.bvch.eu\/index.php?rest_route=%2Fwp%2Fv2%2Fcomments&post=86"}],"version-history":[{"count":18,"href":"https:\/\/www.bvch.eu\/index.php?rest_route=\/wp\/v2\/pages\/86\/revisions"}],"predecessor-version":[{"id":207,"href":"https:\/\/www.bvch.eu\/index.php?rest_route=\/wp\/v2\/pages\/86\/revisions\/207"}],"wp:attachment":[{"href":"https:\/\/www.bvch.eu\/index.php?rest_route=%2Fwp%2Fv2%2Fmedia&parent=86"}],"curies":[{"name":"wp","href":"https:\/\/api.w.org\/{rel}","templated":true}]}}