{"id":90,"date":"2025-09-24T21:26:15","date_gmt":"2025-09-24T19:26:15","guid":{"rendered":"https:\/\/www.bvch.eu\/?page_id=90"},"modified":"2025-09-25T09:34:41","modified_gmt":"2025-09-25T07:34:41","slug":"ako-podporit","status":"publish","type":"page","link":"https:\/\/www.bvch.eu\/?page_id=90","title":{"rendered":"Ako podpori\u0165"},"content":{"rendered":"\t\t<div data-elementor-type=\"wp-page\" data-elementor-id=\"90\" class=\"elementor elementor-90\">\n\t\t\t\t\t\t<section class=\"elementor-section elementor-top-section elementor-element elementor-element-bd716de elementor-section-boxed elementor-section-height-default elementor-section-height-default wpr-particle-no wpr-jarallax-no wpr-parallax-no wpr-sticky-section-no\" data-id=\"bd716de\" data-element_type=\"section\" data-settings=\"{&quot;background_background&quot;:&quot;classic&quot;}\">\n\t\t\t\t\t\t<div class=\"elementor-container elementor-column-gap-no\">\n\t\t\t\t\t<div class=\"elementor-column elementor-col-100 elementor-top-column elementor-element elementor-element-59b9cb6\" data-id=\"59b9cb6\" data-element_type=\"column\">\n\t\t\t<div class=\"elementor-widget-wrap elementor-element-populated\">\n\t\t\t\t\t\t<div class=\"elementor-element elementor-element-40cc234 elementor-widget elementor-widget-heading\" data-id=\"40cc234\" data-element_type=\"widget\" data-widget_type=\"heading.default\">\n\t\t\t\t\t<h1 class=\"elementor-heading-title elementor-size-default\"> \tAko podpori\u0165<\/h1>\t\t\t\t<\/div>\n\t\t\t\t\t<\/div>\n\t\t<\/div>\n\t\t\t\t\t<\/div>\n\t\t<\/section>\n\t\t\t\t<section class=\"elementor-section elementor-top-section elementor-element elementor-element-853e15e elementor-section-boxed elementor-section-height-default elementor-section-height-default wpr-particle-no wpr-jarallax-no wpr-parallax-no wpr-sticky-section-no\" data-id=\"853e15e\" data-element_type=\"section\" id=\"contact\" data-settings=\"{&quot;background_background&quot;:&quot;classic&quot;}\">\n\t\t\t\t\t\t<div class=\"elementor-container elementor-column-gap-no\">\n\t\t\t\t\t<div class=\"elementor-column elementor-col-50 elementor-top-column elementor-element elementor-element-883acf2 elementor-invisible\" data-id=\"883acf2\" data-element_type=\"column\" data-settings=\"{&quot;animation&quot;:&quot;fadeInLeft&quot;}\">\n\t\t\t<div class=\"elementor-widget-wrap elementor-element-populated\">\n\t\t\t\t\t\t<div class=\"elementor-element elementor-element-8fd5c92 eael-infobox-shape-square eael-infobox-hover-img-shape-square elementor-widget elementor-widget-eael-info-box\" data-id=\"8fd5c92\" data-element_type=\"widget\" data-widget_type=\"eael-info-box.default\">\n\t\t\t\t\t        <div class=\"eael-infobox icon-on-left\">\n\t            <div class=\"infobox-icon\">\n\n                            <img decoding=\"async\" src=\"https:\/\/www.bvch.eu\/wp-content\/uploads\/2024\/03\/3dbb8b39-map.png\" alt=\"\">\n            \n            \n            \n        <\/div>\n            <div class=\"infobox-content\">\n                    <div class=\"infobox-title-section\">\n                <h2 class=\"title\">Zdru\u017eenie k\u0148azov Spi\u0161sk\u00e9ho biskupstva UNITAS<\/h2>            <\/div>\n            <div><p style=\"font-weight: 400;\">Spi\u0161sk\u00e1 Kapitula 9<\/p><p style=\"font-weight: 400;\">053 04 Spi\u0161sk\u00e9 Podhradie<\/p><p style=\"font-weight: 400;\">I\u010cO: 37787268<\/p><p style=\"font-weight: 400;\">SK31 0900 0000 0050 3564 5514<\/p><\/div>        <\/div>\n            <\/div>\n\n\t\t\t\t\t\t<\/div>\n\t\t\t\t\t<\/div>\n\t\t<\/div>\n\t\t\t\t<div class=\"elementor-column elementor-col-50 elementor-top-column elementor-element elementor-element-e022bf6 elementor-invisible\" data-id=\"e022bf6\" data-element_type=\"column\" data-settings=\"{&quot;animation&quot;:&quot;fadeInRight&quot;}\">\n\t\t\t<div class=\"elementor-widget-wrap elementor-element-populated\">\n\t\t\t\t\t\t<div class=\"elementor-element elementor-element-65da04c eael-infobox-shape-square eael-infobox-hover-img-shape-square elementor-widget elementor-widget-eael-info-box\" data-id=\"65da04c\" data-element_type=\"widget\" data-widget_type=\"eael-info-box.default\">\n\t\t\t\t\t        <div class=\"eael-infobox icon-on-left\">\n\t            <div class=\"infobox-icon\">\n\n                            <img decoding=\"async\" src=\"https:\/\/www.bvch.eu\/wp-content\/uploads\/2024\/03\/97611a83-mobile.png\" alt=\"\">\n            \n            \n            \n        <\/div>\n            <div class=\"infobox-content\">\n                    <div class=\"infobox-title-section\">\n                <h2 class=\"title\">\u0160tatut\u00e1r zdru\u017eenia<\/h2>            <\/div>\n            <div><p>Mons. Anton Tyrol<\/p><p>+421 907 308 546<\/p><\/div>        <\/div>\n            <\/div>\n\n\t\t\t\t\t\t<\/div>\n\t\t\t\t\t<\/div>\n\t\t<\/div>\n\t\t\t\t\t<\/div>\n\t\t<\/section>\n\t\t\t\t<section class=\"elementor-section elementor-top-section elementor-element elementor-element-8ce2637 elementor-section-boxed elementor-section-height-default elementor-section-height-default wpr-particle-no wpr-jarallax-no wpr-parallax-no wpr-sticky-section-no\" data-id=\"8ce2637\" data-element_type=\"section\" data-settings=\"{&quot;background_background&quot;:&quot;classic&quot;}\">\n\t\t\t\t\t\t<div class=\"elementor-container elementor-column-gap-no\">\n\t\t\t\t\t<div class=\"elementor-column elementor-col-100 elementor-top-column elementor-element elementor-element-ae3b2ad elementor-invisible\" data-id=\"ae3b2ad\" data-element_type=\"column\" data-settings=\"{&quot;animation&quot;:&quot;fadeInLeft&quot;}\">\n\t\t\t<div class=\"elementor-widget-wrap elementor-element-populated\">\n\t\t\t\t\t\t<div class=\"elementor-element elementor-element-6d2ff1b elementor-widget elementor-widget-eael-info-box\" data-id=\"6d2ff1b\" data-element_type=\"widget\" data-widget_type=\"eael-info-box.default\">\n\t\t\t\t\t        <div class=\"eael-infobox icon-on-left\">\n\t            <div class=\"infobox-content\">\n                    <div class=\"infobox-title-section\">\n                <h2 class=\"title\">Osobytn\u00e1 forma podpory<\/h2>            <\/div>\n            <div><p>Ak si na\u0161i dobrodinci \u017eelaj\u00fa inou formou pom\u00f4c\u0165 zdru\u017eeniu Unitas, je to mo\u017en\u00e9 po konzult\u00e1cii s ekonomickou kancel\u00e1riou Biskupsk\u00e9ho \u00faradu v Spi\u0161skej Kapitule alebo so \u0161tatut\u00e1rom zdru\u017eenia, ktor\u00fdm je Mons. Anton Tyrol (tel. 0907-308546).<\/p><\/div>        <\/div>\n            <\/div>\n\n\t\t\t\t\t\t<\/div>\n\t\t\t\t\t<\/div>\n\t\t<\/div>\n\t\t\t\t\t<\/div>\n\t\t<\/section>\n\t\t\t\t<section class=\"elementor-section elementor-top-section elementor-element elementor-element-5bacbfc elementor-section-full_width elementor-section-height-default elementor-section-height-default wpr-particle-no wpr-jarallax-no wpr-parallax-no wpr-sticky-section-no\" data-id=\"5bacbfc\" data-element_type=\"section\">\n\t\t\t\t\t\t<div class=\"elementor-container elementor-column-gap-no\">\n\t\t\t\t\t<div class=\"elementor-column elementor-col-100 elementor-top-column elementor-element elementor-element-6a1648a\" data-id=\"6a1648a\" data-element_type=\"column\">\n\t\t\t<div class=\"elementor-widget-wrap elementor-element-populated\">\n\t\t\t\t\t\t<div class=\"elementor-element elementor-element-5228597 elementor-widget elementor-widget-google_maps\" data-id=\"5228597\" data-element_type=\"widget\" data-widget_type=\"google_maps.default\">\n\t\t\t\t\t\t\t<div class=\"elementor-custom-embed\">\n\t\t\t<iframe loading=\"lazy\"\n\t\t\t\t\tsrc=\"https:\/\/maps.google.com\/maps?q=Spi%C5%A1sk%C3%A1%20Kapitula%209%20053%2004%20Spi%C5%A1sk%C3%A9%20Podhradie&#038;t=m&#038;z=10&#038;output=embed&#038;iwloc=near\"\n\t\t\t\t\ttitle=\"Spi\u0161sk\u00e1 Kapitula 9 053 04 Spi\u0161sk\u00e9 Podhradie\"\n\t\t\t\t\taria-label=\"Spi\u0161sk\u00e1 Kapitula 9 053 04 Spi\u0161sk\u00e9 Podhradie\"\n\t\t\t><\/iframe>\n\t\t<\/div>\n\t\t\t\t\t\t<\/div>\n\t\t\t\t\t<\/div>\n\t\t<\/div>\n\t\t\t\t\t<\/div>\n\t\t<\/section>\n\t\t\t\t<\/div>\n\t\t","protected":false},"excerpt":{"rendered":"<p>Ako podpori\u0165 Zdru\u017eenie k\u0148azov Spi\u0161sk\u00e9ho biskupstva UNITAS Spi\u0161sk\u00e1 Kapitula 9 053 04 Spi\u0161sk\u00e9 Podhradie I\u010cO: 37787268 SK31 0900 0000 0050 3564 5514 \u0160tatut\u00e1r zdru\u017eenia Mons. Anton Tyrol +421 907 308 546 Osobytn\u00e1 forma podpory Ak si na\u0161i dobrodinci \u017eelaj\u00fa inou formou pom\u00f4c\u0165 zdru\u017eeniu Unitas, je to mo\u017en\u00e9 po konzult\u00e1cii s ekonomickou kancel\u00e1riou Biskupsk\u00e9ho \u00faradu v Spi\u0161skej Kapitule alebo so \u0161tatut\u00e1rom zdru\u017eenia, ktor\u00fdm je Mons. Anton Tyrol (tel. 0907-308546).<\/p>\n","protected":false},"author":1,"featured_media":0,"parent":0,"menu_order":0,"comment_status":"closed","ping_status":"closed","template":"elementor_header_footer","meta":{"_eb_attr":"","footnotes":""},"class_list":["post-90","page","type-page","status-publish","hentry"],"_links":{"self":[{"href":"https:\/\/www.bvch.eu\/index.php?rest_route=\/wp\/v2\/pages\/90","targetHints":{"allow":["GET"]}}],"collection":[{"href":"https:\/\/www.bvch.eu\/index.php?rest_route=\/wp\/v2\/pages"}],"about":[{"href":"https:\/\/www.bvch.eu\/index.php?rest_route=\/wp\/v2\/types\/page"}],"author":[{"embeddable":true,"href":"https:\/\/www.bvch.eu\/index.php?rest_route=\/wp\/v2\/users\/1"}],"replies":[{"embeddable":true,"href":"https:\/\/www.bvch.eu\/index.php?rest_route=%2Fwp%2Fv2%2Fcomments&post=90"}],"version-history":[{"count":11,"href":"https:\/\/www.bvch.eu\/index.php?rest_route=\/wp\/v2\/pages\/90\/revisions"}],"predecessor-version":[{"id":181,"href":"https:\/\/www.bvch.eu\/index.php?rest_route=\/wp\/v2\/pages\/90\/revisions\/181"}],"wp:attachment":[{"href":"https:\/\/www.bvch.eu\/index.php?rest_route=%2Fwp%2Fv2%2Fmedia&parent=90"}],"curies":[{"name":"wp","href":"https:\/\/api.w.org\/{rel}","templated":true}]}}